{"id":32,"date":"2018-08-23T17:41:27","date_gmt":"2018-08-23T15:41:27","guid":{"rendered":"http:\/\/ondra-malek.com\/en\/?page_id=32"},"modified":"2022-10-03T22:26:50","modified_gmt":"2022-10-03T20:26:50","slug":"kontakt","status":"publish","type":"page","link":"https:\/\/ondra-malek.com\/en\/kontakt\/","title":{"rendered":"Contact"},"content":{"rendered":"<div class=\"cotactsolumn\">\n<p>If you found any of the photographs interesting, and you would like to buy it either for private or commercial purposes, or you just want to contact me, feel free to do so via a contact form, e-mail, or social networks. I will be happy to reply in the shortest possible time.<\/p>\n<p><b>email.: <\/b><a href=\"mailto:foto@ondra-malek.com\">foto@ondra-malek.com<\/a><\/p>\n<h3>Soci\u00e1ln\u00ed s\u00edt\u011b<\/h3>\n<p><a href=\"https:\/\/www.instagram.com\/ondramalek\/\" target=\"_blank\" rel=\"noopener\"><img loading=\"lazy\" style=\"float: left;\" src=\"https:\/\/ondra-malek.com\/en\/wp-content\/uploads\/2018\/09\/if_Instagram_1298747.png\" alt=\"\" width=\"40\" height=\"40\" \/><\/a><a href=\"https:\/\/500px.com\/omalek\" target=\"_blank\" rel=\"noopener\"><img loading=\"lazy\" style=\"float: left;\" src=\"https:\/\/ondra-malek.com\/wp-content\/uploads\/2018\/12\/500px.png\" alt=\"\" width=\"40\" height=\"40\" \/><\/a><a href=\"mailto:foto@ondra-malek.com\"><img loading=\"lazy\" style=\"float: left;\" src=\"https:\/\/ondra-malek.com\/en\/wp-content\/uploads\/2018\/09\/if_RS_Social_Media_Icons-Email_1640522.png\" alt=\"\" width=\"40\" height=\"40\" \/><\/a><\/p>\n<\/div>\n<div class=\"cotactsolumn2\"><div role=\"form\" class=\"wpcf7\" id=\"wpcf7-f31-o1\" lang=\"cs-CZ\" dir=\"ltr\">\n<div class=\"screen-reader-response\"><p role=\"status\" aria-live=\"polite\" aria-atomic=\"true\"><\/p> <ul><\/ul><\/div>\n<form action=\"\/en\/wp-json\/wp\/v2\/pages\/32#wpcf7-f31-o1\" method=\"post\" class=\"wpcf7-form init\" novalidate=\"novalidate\" data-status=\"init\">\n<div style=\"display: none;\">\n<input type=\"hidden\" name=\"_wpcf7\" value=\"31\" \/>\n<input type=\"hidden\" name=\"_wpcf7_version\" value=\"5.6.3\" \/>\n<input type=\"hidden\" name=\"_wpcf7_locale\" value=\"cs_CZ\" \/>\n<input type=\"hidden\" name=\"_wpcf7_unit_tag\" value=\"wpcf7-f31-o1\" \/>\n<input type=\"hidden\" name=\"_wpcf7_container_post\" value=\"0\" \/>\n<input type=\"hidden\" name=\"_wpcf7_posted_data_hash\" value=\"\" \/>\n<\/div>\n<p><label> Your name (required)<br \/>\n    <span class=\"wpcf7-form-control-wrap\" data-name=\"your-name\"><input type=\"text\" name=\"your-name\" value=\"\" size=\"40\" class=\"wpcf7-form-control wpcf7-text wpcf7-validates-as-required\" aria-required=\"true\" aria-invalid=\"false\" \/><\/span> <\/label><\/p>\n<p><label> Your e-mail (required)<br \/>\n    <span class=\"wpcf7-form-control-wrap\" data-name=\"your-email\"><input type=\"email\" name=\"your-email\" value=\"\" size=\"40\" class=\"wpcf7-form-control wpcf7-text wpcf7-email wpcf7-validates-as-required wpcf7-validates-as-email\" aria-required=\"true\" aria-invalid=\"false\" \/><\/span> <\/label><\/p>\n<p><label> Subject<br \/>\n    <span class=\"wpcf7-form-control-wrap\" data-name=\"your-subject\"><input type=\"text\" name=\"your-subject\" value=\"\" size=\"40\" class=\"wpcf7-form-control wpcf7-text\" aria-invalid=\"false\" \/><\/span> <\/label><\/p>\n<p><label> Your message<br \/>\n    <span class=\"wpcf7-form-control-wrap\" data-name=\"your-message\"><textarea name=\"your-message\" cols=\"40\" rows=\"10\" class=\"wpcf7-form-control wpcf7-textarea\" aria-invalid=\"false\"><\/textarea><\/span> <\/label><\/p>\n<div class=\"center\"><input type=\"submit\" value=\"Send\" class=\"wpcf7-form-control has-spinner wpcf7-submit\" \/><\/div>\n<div class=\"wpcf7-response-output\" aria-hidden=\"true\"><\/div><\/form><\/div><\/div>\n","protected":false},"excerpt":{"rendered":"<p>If you found any of the photographs interesting, and you would like to buy it either for private or commercial purposes, or you just want to contact me, feel free to do so via a contact form, e-mail, or social networks. I will be happy to reply in the shortest possible time. email.: foto@ondra-malek.com Soci\u00e1ln\u00ed [&hellip;]<\/p>\n","protected":false},"author":1,"featured_media":983,"parent":0,"menu_order":0,"comment_status":"closed","ping_status":"closed","template":"","meta":[],"acf":[],"_links":{"self":[{"href":"https:\/\/ondra-malek.com\/en\/wp-json\/wp\/v2\/pages\/32"}],"collection":[{"href":"https:\/\/ondra-malek.com\/en\/wp-json\/wp\/v2\/pages"}],"about":[{"href":"https:\/\/ondra-malek.com\/en\/wp-json\/wp\/v2\/types\/page"}],"author":[{"embeddable":true,"href":"https:\/\/ondra-malek.com\/en\/wp-json\/wp\/v2\/users\/1"}],"replies":[{"embeddable":true,"href":"https:\/\/ondra-malek.com\/en\/wp-json\/wp\/v2\/comments?post=32"}],"version-history":[{"count":44,"href":"https:\/\/ondra-malek.com\/en\/wp-json\/wp\/v2\/pages\/32\/revisions"}],"predecessor-version":[{"id":888,"href":"https:\/\/ondra-malek.com\/en\/wp-json\/wp\/v2\/pages\/32\/revisions\/888"}],"wp:featuredmedia":[{"embeddable":true,"href":"https:\/\/ondra-malek.com\/en\/wp-json\/wp\/v2\/media\/983"}],"wp:attachment":[{"href":"https:\/\/ondra-malek.com\/en\/wp-json\/wp\/v2\/media?parent=32"}],"curies":[{"name":"wp","href":"https:\/\/api.w.org\/{rel}","templated":true}]}}